{"id":37,"date":"2013-05-05T18:30:03","date_gmt":"2013-05-05T16:30:03","guid":{"rendered":"http:\/\/www.wg-breitenaich.at\/?page_id=37"},"modified":"2018-07-14T11:03:09","modified_gmt":"2018-07-14T09:03:09","slug":"der-aktuelle-vorstand","status":"publish","type":"page","link":"https:\/\/www.wg-breitenaich.at\/?page_id=37","title":{"rendered":"Der aktuelle Vorstand"},"content":{"rendered":"<p><b><span style=\"text-decoration: underline;\"><em>Am 08.05.2018 wurden in den Vorstand gew\u00e4hlt:<\/em><\/span><\/b><\/p>\n<p><b>Obmann:<\/b><br \/>\nEckl Bernhard<\/p>\n<p><b>Stellvertreter:<\/b><br \/>\nWillnauer Johann<\/p>\n<p><b>Kassier:<\/b><br \/>\nWeiss Manfred<\/p>\n<p><strong>Kassier-Stellvertreter:<\/strong><br \/>\nSallaberger Michael<\/p>\n<p><b>Schriftf\u00fchrer:<\/b><br \/>\nRebernig Reinhard<\/p>\n<p><b>Wasserwart:<\/b><br \/>\nAigner Ferdinand<br \/>\nLindenbauer Johannes<br \/>\nZivini Martin<\/p>\n<p><strong>Beirat:<\/strong><br \/>\nBrandst\u00e4tter Thomas<br \/>\nEichmayr Stefan<br \/>\nDoppler Dominik<br \/>\nKastner Alexander<\/p>\n<p><b>Rechnungspr\u00fcfer:<\/b><br \/>\nPaschinger Alfred<br \/>\nWiesinger Helmut<\/p>\n<p><b>Gesch\u00e4ftsf\u00fchrer:<\/b><br \/>\nEckl Ferdinand<\/p>\n","protected":false},"excerpt":{"rendered":"<p>Am 08.05.2018 wurden in den Vorstand gew\u00e4hlt: Obmann: Eckl Bernhard Stellvertreter: Willnauer Johann Kassier: Weiss Manfred Kassier-Stellvertreter: Sallaberger Michael Schriftf\u00fchrer: Rebernig Reinhard Wasserwart: Aigner Ferdinand Lindenbauer Johannes Zivini Martin Beirat: Brandst\u00e4tter Thomas Eichmayr Stefan Doppler Dominik Kastner Alexander Rechnungspr\u00fcfer: Paschinger Alfred Wiesinger Helmut Gesch\u00e4ftsf\u00fchrer: Eckl Ferdinand<\/p>\n","protected":false},"author":1,"featured_media":0,"parent":0,"menu_order":0,"comment_status":"closed","ping_status":"closed","template":"","meta":{"ngg_post_thumbnail":0},"_links":{"self":[{"href":"https:\/\/www.wg-breitenaich.at\/index.php?rest_route=\/wp\/v2\/pages\/37"}],"collection":[{"href":"https:\/\/www.wg-breitenaich.at\/index.php?rest_route=\/wp\/v2\/pages"}],"about":[{"href":"https:\/\/www.wg-breitenaich.at\/index.php?rest_route=\/wp\/v2\/types\/page"}],"author":[{"embeddable":true,"href":"https:\/\/www.wg-breitenaich.at\/index.php?rest_route=\/wp\/v2\/users\/1"}],"replies":[{"embeddable":true,"href":"https:\/\/www.wg-breitenaich.at\/index.php?rest_route=%2Fwp%2Fv2%2Fcomments&post=37"}],"version-history":[{"count":7,"href":"https:\/\/www.wg-breitenaich.at\/index.php?rest_route=\/wp\/v2\/pages\/37\/revisions"}],"predecessor-version":[{"id":259,"href":"https:\/\/www.wg-breitenaich.at\/index.php?rest_route=\/wp\/v2\/pages\/37\/revisions\/259"}],"wp:attachment":[{"href":"https:\/\/www.wg-breitenaich.at\/index.php?rest_route=%2Fwp%2Fv2%2Fmedia&parent=37"}],"curies":[{"name":"wp","href":"https:\/\/api.w.org\/{rel}","templated":true}]}}